{"id":92,"date":"2010-09-06T20:22:00","date_gmt":"2010-09-07T00:22:00","guid":{"rendered":"http:\/\/vivamontreal.org\/"},"modified":"2010-10-14T12:21:12","modified_gmt":"2010-10-14T16:21:12","slug":"jason-arsenault","status":"publish","type":"page","link":"https:\/\/2011.vivamontreal.org\/en\/archives_en\/2006_en\/jason-arsenault\/","title":{"rendered":"Jason Arsenault"},"content":{"rendered":"<p>(Montr\u00e9al, Qu\u00e9bec)<\/p>\nngg_shortcode_0_placeholder\n<p>La rencontre est au centre du travail de Jason Arsenault. Qu&#8217;il  s&#8217;agisse  de mettre en place un dispositif mat\u00e9riel ou une situation,  l&#8217;artiste  s&#8217;emploie \u00e0 cr\u00e9er des interfaces qui lui servent de support  pour la  production d&#8217;interaction. Jason a obtenu une ma\u00eetrise en \u00e9tudes   cin\u00e9matographiques de l&#8217;Universit\u00e9 de Montr\u00e9l. Il fait partie du   Pique-Nique, collectif qui intervient dans l&#8217;espace public, et est   membre de Perte de Signal qui \u0153uvre en arts m\u00e9diatiques. Son travail a   \u00e9t\u00e9 diffus\u00e9 dans diverse manifestations internationales et lors   d&#8217;expositions.<\/p>\n","protected":false},"excerpt":{"rendered":"<p>(Montr\u00e9al, Qu\u00e9bec) La rencontre est au centre du travail de Jason Arsenault. Qu&#8217;il s&#8217;agisse de mettre en place un dispositif mat\u00e9riel ou une situation, l&#8217;artiste s&#8217;emploie \u00e0 cr\u00e9er des interfaces qui lui servent de support pour la production d&#8217;interaction. Jason &hellip; <a href=\"https:\/\/2011.vivamontreal.org\/en\/archives_en\/2006_en\/jason-arsenault\/\">Continue reading <span class=\"meta-nav\">&rarr;<\/span><\/a><\/p>\n","protected":false},"author":6,"featured_media":0,"parent":75,"menu_order":0,"comment_status":"open","ping_status":"open","template":"archivespages.php","meta":{"ngg_post_thumbnail":0,"footnotes":""},"class_list":["post-92","page","type-page","status-publish","hentry"],"_links":{"self":[{"href":"https:\/\/2011.vivamontreal.org\/en\/wp-json\/wp\/v2\/pages\/92","targetHints":{"allow":["GET"]}}],"collection":[{"href":"https:\/\/2011.vivamontreal.org\/en\/wp-json\/wp\/v2\/pages"}],"about":[{"href":"https:\/\/2011.vivamontreal.org\/en\/wp-json\/wp\/v2\/types\/page"}],"author":[{"embeddable":true,"href":"https:\/\/2011.vivamontreal.org\/en\/wp-json\/wp\/v2\/users\/6"}],"replies":[{"embeddable":true,"href":"https:\/\/2011.vivamontreal.org\/en\/wp-json\/wp\/v2\/comments?post=92"}],"version-history":[{"count":0,"href":"https:\/\/2011.vivamontreal.org\/en\/wp-json\/wp\/v2\/pages\/92\/revisions"}],"up":[{"embeddable":true,"href":"https:\/\/2011.vivamontreal.org\/en\/wp-json\/wp\/v2\/pages\/75"}],"wp:attachment":[{"href":"https:\/\/2011.vivamontreal.org\/en\/wp-json\/wp\/v2\/media?parent=92"}],"curies":[{"name":"wp","href":"https:\/\/api.w.org\/{rel}","templated":true}]}}