{"id":316,"date":"2010-09-18T13:22:41","date_gmt":"2010-09-18T17:22:41","guid":{"rendered":"http:\/\/vivamontreal.org\/"},"modified":"2010-09-18T13:22:41","modified_gmt":"2010-09-18T17:22:41","slug":"andrew-chartier-arb-o-citoyens-a-machines","status":"publish","type":"page","link":"https:\/\/2011.vivamontreal.org\/en\/archives_en\/viva2008\/andrew-chartier-arb-o-citoyens-a-machines\/","title":{"rendered":"Andrew Chartier : ARB-\u00d4-CITOYENS \/ A-machines"},"content":{"rendered":"<h3>ARB-\u00d4-CITOYENS<\/h3>\n<div style=\"width: 310px\" class=\"wp-caption alignright\"><img loading=\"lazy\" decoding=\"async\" title=\"Andrew Chartier : ARB-\u00d4-CITOYENS\" src=\"http:\/\/www.vivamontreal.org\/2008\/images\/201.jpg\" alt=\"\" width=\"300\" height=\"224\" \/><p class=\"wp-caption-text\">Andrew Chartier : ARB-\u00d4-CITOYENS<\/p><\/div>\n<div style=\"width: 310px\" class=\"wp-caption alignright\"><img loading=\"lazy\" decoding=\"async\" title=\"Andrew Chartier : ARB-\u00d4-CITOYENS\" src=\"http:\/\/www.vivamontreal.org\/2008\/images\/214.jpg\" alt=\"\" width=\"300\" height=\"400\" \/><p class=\"wp-caption-text\">Andrew Chartier : ARB-\u00d4-CITOYENS<\/p><\/div>\n<p>L\u2019artiste accueillera le public au c\u00f4t\u00e9 de son \u00e9co-distributrice.  100 pousses de conif\u00e8res seront distribu\u00e9es en \u00e9change de papiers \u00e0  recycler. ARB-\u00d4-CITOYENS  s\u2019inscrit \u00e0 l\u2019int\u00e9rieur de la grande famille des projets dits d\u2019art  environnemental, plus pr\u00e9cis\u00e9ment l\u2019\u00c9co-art et s\u2019appuie sur une \u00e9thique  de travail activiste tentant une r\u00e9conciliation entre la nature et la  technologie.<\/p>\n<p>Cette entreprise se d\u00e9finirait comme un antidote un rem\u00e8de contre le  malaise engendr\u00e9 par le ph\u00e9nom\u00e8ne de la d\u00e9mesure techno-industrielle. \u00c0  la fois ludique et critique, sa d\u00e9marche artistique r\u00e9pond \u00e0 la  probl\u00e9matique entourant la fabrication d\u2019objets techniques en  exp\u00e9rimentant la ligne fine qui se dessine entre l\u2019intention, la  fabrication et l\u2019int\u00e9gration de la technologie dans un environnement  particulier.<\/p>\n<p>Andrew Chartier : ARB-\u00d4-CITOYENS<\/p>\n<p>\u00abJe pense que le simple fait de d\u00e9poser une mati\u00e8re  us\u00e9e dans une machine et de pouvoir, de mani\u00e8re imm\u00e9diate, toucher \u00e0 la  vie aura pour effet de stimuler la conscience individuelle sur  l\u2019incontournable relation des \u00e9l\u00e9ments dans l\u2019environnement\u00bb, souligne  Andrew Chartier.<\/p>\n<p>ARB-\u00d4-CITOYENS est r\u00e9alis\u00e9e gr\u00e2ce \u00e0 la collaboration de S\u00e9bastien L\u00e9onard, pr\u00e9sident de Z\u00c9R\u00d8CO2 et d\u2019EcoAd, et la ville de Sainte-Th\u00e9r\u00e8se.<\/p>\n<h3>A-machines<\/h3>\n<p>En r\u00e9sidence au \u00abLaboratoire\u00bb Praxis depuis le 2 avril, Andrew  Chartier, explore diff\u00e9rentes combinaisons entre la sculpture m\u00e9canis\u00e9e  et\/ou programm\u00e9e, l\u2019interventionnisme et l\u2019art environnemental.  A-machines propose des proth\u00e8ses permettant l\u2019exp\u00e9rimentation de  nouvelles capacit\u00e9s r\u00e9ceptrices de l\u2018\u00e9tat peu perceptible d\u2019un lieu. En  utilisant ses cr\u00e9ations pseudo-scientifiques, l\u2019artiste intervient sur  le territoire et dans les chemins de nos vies quotidiennes pour nous  offrir une nouvelle perspective.<\/p>\n<hr \/>\n<p><strong>Andrew Chartier<\/strong> d\u00e9tient une ma\u00eetrise en arts  visuels et m\u00e9diatiques de l\u2019Universit\u00e9 du Qu\u00e9bec \u00e0 Montr\u00e9al (2006) et un  baccalaur\u00e9at en beaux-arts de l\u2019Universit\u00e9 Bishop\u2019s, Lennoxville  (1996). Ses projets de recherche ont re\u00e7u des appuis financiers du  Conseil des arts et des lettres du Qu\u00e9bec, du Conseil des arts du  Canada, du Centre interuniversitaire en arts m\u00e9diatiques (CIAM),  de la Ville de Sherbrooke et de plusieurs entreprises priv\u00e9es et  corporatives. Chartier a particip\u00e9 \u00e0 de nombreuses expositions  individuelles et collectives au Qu\u00e9bec et ailleurs au Canada.<br \/>\nRenseignements: Erin Candela<\/p>\n<p><strong>Praxis art actuel<\/strong> accueille, accompagne, et  soutient les jeunes artistes et les artistes professionnels de sa  programmation, issus de la r\u00e9gion des Laurentides ou invit\u00e9s de  l\u2019ext\u00e9rieur. L\u2019organisme joue un r\u00f4le de m\u00e9diateur en arts visuels  aupr\u00e8s de la population des Basses et des Hautes Laurentides en offrant  des expositions, des \u00e9v\u00e9nements artistiques, des laboratoires, des  conf\u00e9rences, des colloques et des publications.<\/p>\n","protected":false},"excerpt":{"rendered":"<p>ARB-\u00d4-CITOYENS L\u2019artiste accueillera le public au c\u00f4t\u00e9 de son \u00e9co-distributrice. 100 pousses de conif\u00e8res seront distribu\u00e9es en \u00e9change de papiers \u00e0 recycler. ARB-\u00d4-CITOYENS s\u2019inscrit \u00e0 l\u2019int\u00e9rieur de la grande famille des projets dits d\u2019art environnemental, plus pr\u00e9cis\u00e9ment l\u2019\u00c9co-art et s\u2019appuie &hellip; <a href=\"https:\/\/2011.vivamontreal.org\/en\/archives_en\/viva2008\/andrew-chartier-arb-o-citoyens-a-machines\/\">Continue reading <span class=\"meta-nav\">&rarr;<\/span><\/a><\/p>\n","protected":false},"author":6,"featured_media":0,"parent":272,"menu_order":0,"comment_status":"closed","ping_status":"open","template":"archivespages.php","meta":{"ngg_post_thumbnail":0,"footnotes":""},"class_list":["post-316","page","type-page","status-publish","hentry"],"_links":{"self":[{"href":"https:\/\/2011.vivamontreal.org\/en\/wp-json\/wp\/v2\/pages\/316","targetHints":{"allow":["GET"]}}],"collection":[{"href":"https:\/\/2011.vivamontreal.org\/en\/wp-json\/wp\/v2\/pages"}],"about":[{"href":"https:\/\/2011.vivamontreal.org\/en\/wp-json\/wp\/v2\/types\/page"}],"author":[{"embeddable":true,"href":"https:\/\/2011.vivamontreal.org\/en\/wp-json\/wp\/v2\/users\/6"}],"replies":[{"embeddable":true,"href":"https:\/\/2011.vivamontreal.org\/en\/wp-json\/wp\/v2\/comments?post=316"}],"version-history":[{"count":0,"href":"https:\/\/2011.vivamontreal.org\/en\/wp-json\/wp\/v2\/pages\/316\/revisions"}],"up":[{"embeddable":true,"href":"https:\/\/2011.vivamontreal.org\/en\/wp-json\/wp\/v2\/pages\/272"}],"wp:attachment":[{"href":"https:\/\/2011.vivamontreal.org\/en\/wp-json\/wp\/v2\/media?parent=316"}],"curies":[{"name":"wp","href":"https:\/\/api.w.org\/{rel}","templated":true}]}}