{"id":261,"date":"2010-09-17T14:39:11","date_gmt":"2010-09-17T18:39:11","guid":{"rendered":"http:\/\/vivamontreal.org\/"},"modified":"2010-09-17T14:39:11","modified_gmt":"2010-09-17T18:39:11","slug":"zhu-yu","status":"publish","type":"page","link":"https:\/\/2011.vivamontreal.org\/en\/archives_en\/2006_en\/zhu-yu\/","title":{"rendered":"Zhu Yu"},"content":{"rendered":"<p>(Beijing, R\u00e9publique populaire de Chine)<\/p>\n<p><img loading=\"lazy\" decoding=\"async\" class=\"alignnone\" src=\"http:\/\/vivamontreal.org\/2006\/pages\/artists\/zhu_yu\/zhu_yu.jpg\" alt=\"\" width=\"400\" height=\"388\" \/><\/p>\n<p>Zhu Yu cr\u00e9e des actions et des  performances radicales utilisant  principalement les technologies m\u00e9dicales.  Depuis 2001, il explore  l\u2019avortement, posant des questions fondamentales quant  \u00e0 la  technologie, au travail, \u00e0 la moralit\u00e9, \u00e0 l\u2019\u00e9conomie, \u00e0 la paternit\u00e9, \u00e0  la  soci\u00e9t\u00e9. Originaire de la R\u00e9publique populaire de Chine, o\u00f9  l\u2019avortement est  obligatoire pour les femmes ayant d\u00e9j\u00e0 un enfant, Zhu  Yu documente ses  performances, souvent clandestines, au moyen de la  vid\u00e9o et de la photo.<\/p>\n<p>AVERTISSEMENT : L\u2019\u0153uvre vid\u00e9ographique <em>Sacrifice <\/em>de Zhu Yu comporte des sc\u00e8nes pouvant  troubler ou choquer certains spectateurs.<\/p>\n","protected":false},"excerpt":{"rendered":"<p>(Beijing, R\u00e9publique populaire de Chine) Zhu Yu cr\u00e9e des actions et des performances radicales utilisant principalement les technologies m\u00e9dicales. Depuis 2001, il explore l\u2019avortement, posant des questions fondamentales quant \u00e0 la technologie, au travail, \u00e0 la moralit\u00e9, \u00e0 l\u2019\u00e9conomie, \u00e0 &hellip; <a href=\"https:\/\/2011.vivamontreal.org\/en\/archives_en\/2006_en\/zhu-yu\/\">Continue reading <span class=\"meta-nav\">&rarr;<\/span><\/a><\/p>\n","protected":false},"author":6,"featured_media":0,"parent":75,"menu_order":0,"comment_status":"closed","ping_status":"open","template":"archivespages.php","meta":{"ngg_post_thumbnail":0,"footnotes":""},"class_list":["post-261","page","type-page","status-publish","hentry"],"_links":{"self":[{"href":"https:\/\/2011.vivamontreal.org\/en\/wp-json\/wp\/v2\/pages\/261","targetHints":{"allow":["GET"]}}],"collection":[{"href":"https:\/\/2011.vivamontreal.org\/en\/wp-json\/wp\/v2\/pages"}],"about":[{"href":"https:\/\/2011.vivamontreal.org\/en\/wp-json\/wp\/v2\/types\/page"}],"author":[{"embeddable":true,"href":"https:\/\/2011.vivamontreal.org\/en\/wp-json\/wp\/v2\/users\/6"}],"replies":[{"embeddable":true,"href":"https:\/\/2011.vivamontreal.org\/en\/wp-json\/wp\/v2\/comments?post=261"}],"version-history":[{"count":0,"href":"https:\/\/2011.vivamontreal.org\/en\/wp-json\/wp\/v2\/pages\/261\/revisions"}],"up":[{"embeddable":true,"href":"https:\/\/2011.vivamontreal.org\/en\/wp-json\/wp\/v2\/pages\/75"}],"wp:attachment":[{"href":"https:\/\/2011.vivamontreal.org\/en\/wp-json\/wp\/v2\/media?parent=261"}],"curies":[{"name":"wp","href":"https:\/\/api.w.org\/{rel}","templated":true}]}}