{"id":215,"date":"2010-09-14T20:50:16","date_gmt":"2010-09-15T00:50:16","guid":{"rendered":"http:\/\/vivamontreal.org\/"},"modified":"2010-09-14T20:50:16","modified_gmt":"2010-09-15T00:50:16","slug":"les-pantheres-roses","status":"publish","type":"page","link":"https:\/\/2011.vivamontreal.org\/en\/archives_en\/2006_en\/les-pantheres-roses\/","title":{"rendered":"Les Panth\u00e8res Roses"},"content":{"rendered":"<p>(Montr\u00e9al, Qu\u00e9bec)<\/p>\n<p><img loading=\"lazy\" decoding=\"async\" alt=\"\" src=\"http:\/\/vivamontreal.org\/2006\/pages\/artists\/pink_panthers\/panters.jpg\" class=\"alignnone\" width=\"80\" height=\"84\" \/><\/p>\n<p>Le collectif Les Panth\u00e8res roses propose une critique de la marchandisation de l\u2019identit\u00e9 par des man\u0153uvres sauvages et subversives ex\u00e9cut\u00e9es au c\u0153ur m\u00eame des environnements urbains, lieux publics et institutions. Leur critique humoristique et constructive de la falsification du monde, inspir\u00e9e des th\u00e9ories queer et de la transgenralit\u00e9, se manifeste \u00e9galement dans diff\u00e9rents projets multim\u00e9dias.<\/p>\n","protected":false},"excerpt":{"rendered":"<p>(Montr\u00e9al, Qu\u00e9bec) Le collectif Les Panth\u00e8res roses propose une critique de la marchandisation de l\u2019identit\u00e9 par des man\u0153uvres sauvages et subversives ex\u00e9cut\u00e9es au c\u0153ur m\u00eame des environnements urbains, lieux publics et institutions. Leur critique humoristique et constructive de la falsification &hellip; <a href=\"https:\/\/2011.vivamontreal.org\/en\/archives_en\/2006_en\/les-pantheres-roses\/\">Continue reading <span class=\"meta-nav\">&rarr;<\/span><\/a><\/p>\n","protected":false},"author":6,"featured_media":0,"parent":75,"menu_order":0,"comment_status":"closed","ping_status":"open","template":"archivespages.php","meta":{"ngg_post_thumbnail":0,"footnotes":""},"class_list":["post-215","page","type-page","status-publish","hentry"],"_links":{"self":[{"href":"https:\/\/2011.vivamontreal.org\/en\/wp-json\/wp\/v2\/pages\/215","targetHints":{"allow":["GET"]}}],"collection":[{"href":"https:\/\/2011.vivamontreal.org\/en\/wp-json\/wp\/v2\/pages"}],"about":[{"href":"https:\/\/2011.vivamontreal.org\/en\/wp-json\/wp\/v2\/types\/page"}],"author":[{"embeddable":true,"href":"https:\/\/2011.vivamontreal.org\/en\/wp-json\/wp\/v2\/users\/6"}],"replies":[{"embeddable":true,"href":"https:\/\/2011.vivamontreal.org\/en\/wp-json\/wp\/v2\/comments?post=215"}],"version-history":[{"count":0,"href":"https:\/\/2011.vivamontreal.org\/en\/wp-json\/wp\/v2\/pages\/215\/revisions"}],"up":[{"embeddable":true,"href":"https:\/\/2011.vivamontreal.org\/en\/wp-json\/wp\/v2\/pages\/75"}],"wp:attachment":[{"href":"https:\/\/2011.vivamontreal.org\/en\/wp-json\/wp\/v2\/media?parent=215"}],"curies":[{"name":"wp","href":"https:\/\/api.w.org\/{rel}","templated":true}]}}