{"id":211,"date":"2010-09-14T20:47:26","date_gmt":"2010-09-15T00:47:26","guid":{"rendered":"http:\/\/vivamontreal.org\/"},"modified":"2010-10-13T11:14:11","modified_gmt":"2010-10-13T15:14:11","slug":"non-grata","status":"publish","type":"page","link":"https:\/\/2011.vivamontreal.org\/en\/archives_en\/2006_en\/non-grata\/","title":{"rendered":"Non Grata"},"content":{"rendered":"<p>(Tallin, Estonie)<\/p>\nngg_shortcode_0_placeholder\n<p>Non Grata est un collectif de quarante artistes de performance venant pour la plupart d\u2019Estonie, mais aussi du Chili, de la Finlande, de l\u2019Allemagne, de la Su\u00e8de et du Qu\u00e9bec. Le collectif se distingue par l\u2019anonymat de ses membres, sa dissociation de la sc\u00e8ne artistique locale, son m\u00e9pris pour les m\u00e9dias de masse, ses actions sauvages et ses perfomances pouvant se prolonger pendant plusieurs jours (les \u00abghettomarathons\u00bb).<\/p>\n","protected":false},"excerpt":{"rendered":"<p>(Tallin, Estonie) Non Grata est un collectif de quarante artistes de performance venant pour la plupart d\u2019Estonie, mais aussi du Chili, de la Finlande, de l\u2019Allemagne, de la Su\u00e8de et du Qu\u00e9bec. Le collectif se distingue par l\u2019anonymat de ses &hellip; <a href=\"https:\/\/2011.vivamontreal.org\/en\/archives_en\/2006_en\/non-grata\/\">Continue reading <span class=\"meta-nav\">&rarr;<\/span><\/a><\/p>\n","protected":false},"author":6,"featured_media":0,"parent":75,"menu_order":0,"comment_status":"closed","ping_status":"open","template":"archivespages.php","meta":{"ngg_post_thumbnail":0,"footnotes":""},"class_list":["post-211","page","type-page","status-publish","hentry"],"_links":{"self":[{"href":"https:\/\/2011.vivamontreal.org\/en\/wp-json\/wp\/v2\/pages\/211","targetHints":{"allow":["GET"]}}],"collection":[{"href":"https:\/\/2011.vivamontreal.org\/en\/wp-json\/wp\/v2\/pages"}],"about":[{"href":"https:\/\/2011.vivamontreal.org\/en\/wp-json\/wp\/v2\/types\/page"}],"author":[{"embeddable":true,"href":"https:\/\/2011.vivamontreal.org\/en\/wp-json\/wp\/v2\/users\/6"}],"replies":[{"embeddable":true,"href":"https:\/\/2011.vivamontreal.org\/en\/wp-json\/wp\/v2\/comments?post=211"}],"version-history":[{"count":0,"href":"https:\/\/2011.vivamontreal.org\/en\/wp-json\/wp\/v2\/pages\/211\/revisions"}],"up":[{"embeddable":true,"href":"https:\/\/2011.vivamontreal.org\/en\/wp-json\/wp\/v2\/pages\/75"}],"wp:attachment":[{"href":"https:\/\/2011.vivamontreal.org\/en\/wp-json\/wp\/v2\/media?parent=211"}],"curies":[{"name":"wp","href":"https:\/\/api.w.org\/{rel}","templated":true}]}}