{"id":206,"date":"2010-09-14T20:44:38","date_gmt":"2010-09-15T00:44:38","guid":{"rendered":"http:\/\/vivamontreal.org\/"},"modified":"2010-09-14T20:44:38","modified_gmt":"2010-09-15T00:44:38","slug":"laurence-nicola","status":"publish","type":"page","link":"https:\/\/2011.vivamontreal.org\/en\/archives_en\/2006_en\/laurence-nicola\/","title":{"rendered":"Laurence Nicola"},"content":{"rendered":"<p>(Montreuil, France)<\/p>\n<p><img loading=\"lazy\" decoding=\"async\" class=\"alignnone\" src=\"http:\/\/vivamontreal.org\/2006\/pages\/artists\/laurence_nicola\/laurence%20nicola.jpg\" alt=\"\" width=\"400\" height=\"320\" \/><\/p>\n<p>Laurence NICOLA a expos\u00e9 et particip\u00e9 \u00e0  des projections de vid\u00e9os  d\u2019artistes un peu partout en Europe. Dans un univers  intimiste, sa  pratique \u00e9volue autour de mises en sc\u00e8ne vid\u00e9o o\u00f9 le corps est  toujours  pr\u00e9sent, \u00e9prouv\u00e9 dans le cadre de diff\u00e9rents syst\u00e8mes performatifs.<\/p>\n","protected":false},"excerpt":{"rendered":"<p>(Montreuil, France) Laurence NICOLA a expos\u00e9 et particip\u00e9 \u00e0 des projections de vid\u00e9os d\u2019artistes un peu partout en Europe. Dans un univers intimiste, sa pratique \u00e9volue autour de mises en sc\u00e8ne vid\u00e9o o\u00f9 le corps est toujours pr\u00e9sent, \u00e9prouv\u00e9 dans &hellip; <a href=\"https:\/\/2011.vivamontreal.org\/en\/archives_en\/2006_en\/laurence-nicola\/\">Continue reading <span class=\"meta-nav\">&rarr;<\/span><\/a><\/p>\n","protected":false},"author":6,"featured_media":0,"parent":75,"menu_order":0,"comment_status":"closed","ping_status":"open","template":"archivespages.php","meta":{"ngg_post_thumbnail":0,"footnotes":""},"class_list":["post-206","page","type-page","status-publish","hentry"],"_links":{"self":[{"href":"https:\/\/2011.vivamontreal.org\/en\/wp-json\/wp\/v2\/pages\/206","targetHints":{"allow":["GET"]}}],"collection":[{"href":"https:\/\/2011.vivamontreal.org\/en\/wp-json\/wp\/v2\/pages"}],"about":[{"href":"https:\/\/2011.vivamontreal.org\/en\/wp-json\/wp\/v2\/types\/page"}],"author":[{"embeddable":true,"href":"https:\/\/2011.vivamontreal.org\/en\/wp-json\/wp\/v2\/users\/6"}],"replies":[{"embeddable":true,"href":"https:\/\/2011.vivamontreal.org\/en\/wp-json\/wp\/v2\/comments?post=206"}],"version-history":[{"count":0,"href":"https:\/\/2011.vivamontreal.org\/en\/wp-json\/wp\/v2\/pages\/206\/revisions"}],"up":[{"embeddable":true,"href":"https:\/\/2011.vivamontreal.org\/en\/wp-json\/wp\/v2\/pages\/75"}],"wp:attachment":[{"href":"https:\/\/2011.vivamontreal.org\/en\/wp-json\/wp\/v2\/media?parent=206"}],"curies":[{"name":"wp","href":"https:\/\/api.w.org\/{rel}","templated":true}]}}