{"id":198,"date":"2010-09-14T20:37:08","date_gmt":"2010-09-15T00:37:08","guid":{"rendered":"http:\/\/vivamontreal.org\/"},"modified":"2010-10-14T12:22:54","modified_gmt":"2010-10-14T16:22:54","slug":"thierry-marceau","status":"publish","type":"page","link":"https:\/\/2011.vivamontreal.org\/en\/archives_en\/2006_en\/thierry-marceau\/","title":{"rendered":"Thierry Marceau"},"content":{"rendered":"<p>(Montr\u00e9al, Canada)<\/p>\nngg_shortcode_0_placeholder\n<p>Thierry Marceau pose des gestes qui metten \u00e0 l&#8217;\u00e9preuve l&#8217;ensemble des \u00e9l\u00e9ments consituant son univers. Il aime les beaux costumes et les images qui les accompagnent. Il agence ces images tel des cristaux, souvent art\u00e9facts de la culture populaire, pour produire des actions laissant le spectateur dans un ambiance \u00e0 la fois festive et am\u00e8re. Il m\u00e8ne des \u00e9tudes \u00e0 la ma\u00eetrise en arts visuels et m\u00e9diatiques \u00e0 l&#8217;UQ\u00c0M. Son travail en performance et ses bandes vid\u00e9o ont \u00e9t\u00e9 pr\u00e9sent\u00e9s dans le cadre de nombreux \u00e9v\u00e9nements au Qu\u00e9bec.<\/p>\n","protected":false},"excerpt":{"rendered":"<p>(Montr\u00e9al, Canada) Thierry Marceau pose des gestes qui metten \u00e0 l&#8217;\u00e9preuve l&#8217;ensemble des \u00e9l\u00e9ments consituant son univers. Il aime les beaux costumes et les images qui les accompagnent. Il agence ces images tel des cristaux, souvent art\u00e9facts de la culture &hellip; <a href=\"https:\/\/2011.vivamontreal.org\/en\/archives_en\/2006_en\/thierry-marceau\/\">Continue reading <span class=\"meta-nav\">&rarr;<\/span><\/a><\/p>\n","protected":false},"author":6,"featured_media":0,"parent":75,"menu_order":0,"comment_status":"closed","ping_status":"open","template":"archivespages.php","meta":{"ngg_post_thumbnail":0,"footnotes":""},"class_list":["post-198","page","type-page","status-publish","hentry"],"_links":{"self":[{"href":"https:\/\/2011.vivamontreal.org\/en\/wp-json\/wp\/v2\/pages\/198","targetHints":{"allow":["GET"]}}],"collection":[{"href":"https:\/\/2011.vivamontreal.org\/en\/wp-json\/wp\/v2\/pages"}],"about":[{"href":"https:\/\/2011.vivamontreal.org\/en\/wp-json\/wp\/v2\/types\/page"}],"author":[{"embeddable":true,"href":"https:\/\/2011.vivamontreal.org\/en\/wp-json\/wp\/v2\/users\/6"}],"replies":[{"embeddable":true,"href":"https:\/\/2011.vivamontreal.org\/en\/wp-json\/wp\/v2\/comments?post=198"}],"version-history":[{"count":0,"href":"https:\/\/2011.vivamontreal.org\/en\/wp-json\/wp\/v2\/pages\/198\/revisions"}],"up":[{"embeddable":true,"href":"https:\/\/2011.vivamontreal.org\/en\/wp-json\/wp\/v2\/pages\/75"}],"wp:attachment":[{"href":"https:\/\/2011.vivamontreal.org\/en\/wp-json\/wp\/v2\/media?parent=198"}],"curies":[{"name":"wp","href":"https:\/\/api.w.org\/{rel}","templated":true}]}}