{"id":178,"date":"2010-09-14T20:28:07","date_gmt":"2010-09-15T00:28:07","guid":{"rendered":"http:\/\/vivamontreal.org\/"},"modified":"2010-10-14T12:19:28","modified_gmt":"2010-10-14T16:19:28","slug":"caroline-dubois","status":"publish","type":"page","link":"https:\/\/2011.vivamontreal.org\/en\/archives_en\/2006_en\/caroline-dubois\/","title":{"rendered":"Caroline Dubois"},"content":{"rendered":"<p>(Montr\u00e9al, Canada)<\/p>\nngg_shortcode_0_placeholder\n<p>Caroline Dubois questionne les rapports de force qui se cr\u00e9ent \u00e0 l&#8217;int\u00e9rieur de groupes de gens. Elle emploie la pr\u00e9sence du corps pour endosser une position ou un geste en fonction d&#8217;une comp\u00e9tence ou d&#8217;une incomp\u00e9tence reconnue physiquement. Caroline a \u00e9tudi\u00e9 la danse contemporaine \u00e0 l&#8221;Universit\u00e9 Concordia et les arts viuels et m\u00e9diatiques \u00e0 l&#8217;UQ\u00c0M. Elle a pr\u00e9sent\u00e9 son travail en performance et en danse au Monument National, au Studio 303, et lor d&#8217;\u00e9v\u00e9nements comme l&#8217;EICV et Actio.<\/p>\n","protected":false},"excerpt":{"rendered":"<p>(Montr\u00e9al, Canada) Caroline Dubois questionne les rapports de force qui se cr\u00e9ent \u00e0 l&#8217;int\u00e9rieur de groupes de gens. Elle emploie la pr\u00e9sence du corps pour endosser une position ou un geste en fonction d&#8217;une comp\u00e9tence ou d&#8217;une incomp\u00e9tence reconnue physiquement. &hellip; <a href=\"https:\/\/2011.vivamontreal.org\/en\/archives_en\/2006_en\/caroline-dubois\/\">Continue reading <span class=\"meta-nav\">&rarr;<\/span><\/a><\/p>\n","protected":false},"author":6,"featured_media":0,"parent":75,"menu_order":0,"comment_status":"closed","ping_status":"open","template":"archivespages.php","meta":{"ngg_post_thumbnail":0,"footnotes":""},"class_list":["post-178","page","type-page","status-publish","hentry"],"_links":{"self":[{"href":"https:\/\/2011.vivamontreal.org\/en\/wp-json\/wp\/v2\/pages\/178","targetHints":{"allow":["GET"]}}],"collection":[{"href":"https:\/\/2011.vivamontreal.org\/en\/wp-json\/wp\/v2\/pages"}],"about":[{"href":"https:\/\/2011.vivamontreal.org\/en\/wp-json\/wp\/v2\/types\/page"}],"author":[{"embeddable":true,"href":"https:\/\/2011.vivamontreal.org\/en\/wp-json\/wp\/v2\/users\/6"}],"replies":[{"embeddable":true,"href":"https:\/\/2011.vivamontreal.org\/en\/wp-json\/wp\/v2\/comments?post=178"}],"version-history":[{"count":0,"href":"https:\/\/2011.vivamontreal.org\/en\/wp-json\/wp\/v2\/pages\/178\/revisions"}],"up":[{"embeddable":true,"href":"https:\/\/2011.vivamontreal.org\/en\/wp-json\/wp\/v2\/pages\/75"}],"wp:attachment":[{"href":"https:\/\/2011.vivamontreal.org\/en\/wp-json\/wp\/v2\/media?parent=178"}],"curies":[{"name":"wp","href":"https:\/\/api.w.org\/{rel}","templated":true}]}}