{"id":166,"date":"2010-09-14T20:20:57","date_gmt":"2010-09-15T00:20:57","guid":{"rendered":"http:\/\/vivamontreal.org\/"},"modified":"2010-10-13T10:51:52","modified_gmt":"2010-10-13T14:51:52","slug":"collectif-connologique","status":"publish","type":"page","link":"https:\/\/2011.vivamontreal.org\/en\/archives_en\/2006_en\/collectif-connologique\/","title":{"rendered":"Collectif Connologique"},"content":{"rendered":"<p>(Montr\u00e9al, Canada)<\/p>\nngg_shortcode_0_placeholder\n<p>Sous le nom du collectif Connologique, Benoit Chauss\u00e9, Georges Rebooh, Fran\u00e7ois Lemieux, Dylan Crichton et Simon Brown font ensemble des interventions artistique depuis 2001. \u00c0 la fois mystiques, grotesques et sensuels, les artistes se pr\u00e9sentent comme objects de ridicule devant un spectateur souvent perplexe et parfois d\u00e9\u00e7u.<\/p>\n","protected":false},"excerpt":{"rendered":"<p>(Montr\u00e9al, Canada) Sous le nom du collectif Connologique, Benoit Chauss\u00e9, Georges Rebooh, Fran\u00e7ois Lemieux, Dylan Crichton et Simon Brown font ensemble des interventions artistique depuis 2001. \u00c0 la fois mystiques, grotesques et sensuels, les artistes se pr\u00e9sentent comme objects de &hellip; <a href=\"https:\/\/2011.vivamontreal.org\/en\/archives_en\/2006_en\/collectif-connologique\/\">Continue reading <span class=\"meta-nav\">&rarr;<\/span><\/a><\/p>\n","protected":false},"author":6,"featured_media":0,"parent":75,"menu_order":0,"comment_status":"closed","ping_status":"open","template":"archivespages.php","meta":{"ngg_post_thumbnail":0,"footnotes":""},"class_list":["post-166","page","type-page","status-publish","hentry"],"_links":{"self":[{"href":"https:\/\/2011.vivamontreal.org\/en\/wp-json\/wp\/v2\/pages\/166","targetHints":{"allow":["GET"]}}],"collection":[{"href":"https:\/\/2011.vivamontreal.org\/en\/wp-json\/wp\/v2\/pages"}],"about":[{"href":"https:\/\/2011.vivamontreal.org\/en\/wp-json\/wp\/v2\/types\/page"}],"author":[{"embeddable":true,"href":"https:\/\/2011.vivamontreal.org\/en\/wp-json\/wp\/v2\/users\/6"}],"replies":[{"embeddable":true,"href":"https:\/\/2011.vivamontreal.org\/en\/wp-json\/wp\/v2\/comments?post=166"}],"version-history":[{"count":0,"href":"https:\/\/2011.vivamontreal.org\/en\/wp-json\/wp\/v2\/pages\/166\/revisions"}],"up":[{"embeddable":true,"href":"https:\/\/2011.vivamontreal.org\/en\/wp-json\/wp\/v2\/pages\/75"}],"wp:attachment":[{"href":"https:\/\/2011.vivamontreal.org\/en\/wp-json\/wp\/v2\/media?parent=166"}],"curies":[{"name":"wp","href":"https:\/\/api.w.org\/{rel}","templated":true}]}}