{"id":1610,"date":"2011-08-22T21:48:09","date_gmt":"2011-08-23T01:48:09","guid":{"rendered":"http:\/\/jf.local\/vivamontreal\/?page_id=1610"},"modified":"2012-01-01T20:43:26","modified_gmt":"2012-01-02T01:43:26","slug":"stefan-st-laurent-on","status":"publish","type":"page","link":"https:\/\/2011.vivamontreal.org\/en\/archives_en\/viva2011\/stefan-st-laurent-on\/","title":{"rendered":"Stefan St-Laurent (ON)"},"content":{"rendered":"<p>Stefan St-Laurent, multidisciplinary artist and curator, is born in Moncton, New-Brunswick, lives and works in Ottawa. He was the invited curator for the Biennale d\u2019art performatif de Rouyn-Noranda in 2008, and for the 28th and 29th Symposium international d\u2019art contemporain de Baie-Saint-Paul. Since 2002, he has worked as a curator at SAW gallery, and has been an associate professor in the Department of Visual arts at Ottawa University since 2010. His performance and video work has been presented in numerous galleries and institutions, including Centre national de la photographie in Paris, Edsvik Konst och Kultur in Sollentuna (Sweden), YYZ in Toronto, Western Front in Vancouver and the Art Gallery of Nova Scotia in Halifax. He has been a curator for a number of artistic organisations and festivals, including the Lux Centre in London, the Cin\u00e9math\u00e8que Qu\u00e9b\u00e9coise in Montr\u00e9al, Festival international du cin\u00e9ma francophone in Acadie, Les Rencontres internationales Vid\u00e9o Arts Plastiques in Basse-Normandie (France), as well as Pleasure Dome, Images Festival of Independent Film and Video and Vtape in Toronto. He received his bachelor degree in new media from Ryerson University in Toronto.<strong><\/strong><\/p>\n<p><strong><\/strong>The artists would like to thank:<strong><br \/>\nAGAVF <\/strong>and <strong>SIAC\u00a0<\/strong><\/p>\nngg_shortcode_0_placeholder\n","protected":false},"excerpt":{"rendered":"<p>Stefan St-Laurent, multidisciplinary artist and curator, is born in Moncton, New-Brunswick, lives and works in Ottawa. He was the invited curator for the Biennale d\u2019art performatif de Rouyn-Noranda in 2008, and for the 28th and 29th Symposium international d\u2019art contemporain &hellip; <a href=\"https:\/\/2011.vivamontreal.org\/en\/archives_en\/viva2011\/stefan-st-laurent-on\/\">Continue reading <span class=\"meta-nav\">&rarr;<\/span><\/a><\/p>\n","protected":false},"author":6,"featured_media":1730,"parent":2909,"menu_order":0,"comment_status":"closed","ping_status":"closed","template":"artists_profile.php","meta":{"ngg_post_thumbnail":0,"footnotes":""},"class_list":["post-1610","page","type-page","status-publish","has-post-thumbnail","hentry"],"_links":{"self":[{"href":"https:\/\/2011.vivamontreal.org\/en\/wp-json\/wp\/v2\/pages\/1610","targetHints":{"allow":["GET"]}}],"collection":[{"href":"https:\/\/2011.vivamontreal.org\/en\/wp-json\/wp\/v2\/pages"}],"about":[{"href":"https:\/\/2011.vivamontreal.org\/en\/wp-json\/wp\/v2\/types\/page"}],"author":[{"embeddable":true,"href":"https:\/\/2011.vivamontreal.org\/en\/wp-json\/wp\/v2\/users\/6"}],"replies":[{"embeddable":true,"href":"https:\/\/2011.vivamontreal.org\/en\/wp-json\/wp\/v2\/comments?post=1610"}],"version-history":[{"count":0,"href":"https:\/\/2011.vivamontreal.org\/en\/wp-json\/wp\/v2\/pages\/1610\/revisions"}],"up":[{"embeddable":true,"href":"https:\/\/2011.vivamontreal.org\/en\/wp-json\/wp\/v2\/pages\/2909"}],"wp:featuredmedia":[{"embeddable":true,"href":"https:\/\/2011.vivamontreal.org\/en\/wp-json\/wp\/v2\/media\/1730"}],"wp:attachment":[{"href":"https:\/\/2011.vivamontreal.org\/en\/wp-json\/wp\/v2\/media?parent=1610"}],"curies":[{"name":"wp","href":"https:\/\/api.w.org\/{rel}","templated":true}]}}