{"id":158,"date":"2010-09-14T20:16:16","date_gmt":"2010-09-15T00:16:16","guid":{"rendered":"http:\/\/vivamontreal.org\/"},"modified":"2010-10-14T12:20:23","modified_gmt":"2010-10-14T16:20:23","slug":"cederick-charland","status":"publish","type":"page","link":"https:\/\/2011.vivamontreal.org\/en\/archives_en\/2006_en\/cederick-charland\/","title":{"rendered":"C\u00e9derick Charland"},"content":{"rendered":"<p>(Montr\u00e9al, Canada)<\/p>\nngg_shortcode_0_placeholder\n<p>C\u00e9derick Charland est artiste et enseignement des arts plastiques et a pr\u00e9sent\u00e9 son travail au Festival d&#8217;art indisciplin\u00e9 de la r\u00e9gion de l&#8217;est, au centre d&#8217;artistes Vaste et Vague<\/p>\n","protected":false},"excerpt":{"rendered":"<p>(Montr\u00e9al, Canada) C\u00e9derick Charland est artiste et enseignement des arts plastiques et a pr\u00e9sent\u00e9 son travail au Festival d&#8217;art indisciplin\u00e9 de la r\u00e9gion de l&#8217;est, au centre d&#8217;artistes Vaste et Vague<\/p>\n","protected":false},"author":6,"featured_media":0,"parent":75,"menu_order":0,"comment_status":"closed","ping_status":"open","template":"archivespages.php","meta":{"ngg_post_thumbnail":0,"footnotes":""},"class_list":["post-158","page","type-page","status-publish","hentry"],"_links":{"self":[{"href":"https:\/\/2011.vivamontreal.org\/en\/wp-json\/wp\/v2\/pages\/158","targetHints":{"allow":["GET"]}}],"collection":[{"href":"https:\/\/2011.vivamontreal.org\/en\/wp-json\/wp\/v2\/pages"}],"about":[{"href":"https:\/\/2011.vivamontreal.org\/en\/wp-json\/wp\/v2\/types\/page"}],"author":[{"embeddable":true,"href":"https:\/\/2011.vivamontreal.org\/en\/wp-json\/wp\/v2\/users\/6"}],"replies":[{"embeddable":true,"href":"https:\/\/2011.vivamontreal.org\/en\/wp-json\/wp\/v2\/comments?post=158"}],"version-history":[{"count":0,"href":"https:\/\/2011.vivamontreal.org\/en\/wp-json\/wp\/v2\/pages\/158\/revisions"}],"up":[{"embeddable":true,"href":"https:\/\/2011.vivamontreal.org\/en\/wp-json\/wp\/v2\/pages\/75"}],"wp:attachment":[{"href":"https:\/\/2011.vivamontreal.org\/en\/wp-json\/wp\/v2\/media?parent=158"}],"curies":[{"name":"wp","href":"https:\/\/api.w.org\/{rel}","templated":true}]}}