{"id":1578,"date":"2011-08-22T21:43:58","date_gmt":"2011-08-23T01:43:58","guid":{"rendered":"http:\/\/jf.local\/vivamontreal\/?page_id=1578"},"modified":"2012-01-01T20:26:38","modified_gmt":"2012-01-02T01:26:38","slug":"florian-feigl-deu","status":"publish","type":"page","link":"https:\/\/2011.vivamontreal.org\/en\/archives_en\/viva2011\/florian-feigl-deu\/","title":{"rendered":"Florian Feigl (DEU)"},"content":{"rendered":"<p>Feigl has created and realized performance art since 1997. Besides his solo work, Feigl collaborates with various artists and artists&#8217; collectives (Wagner-Feigl-Forschung\/Festspiele, J\u00f6rn J. Burmester). Feigl co-organises the monthly performance art event \u201cPerformer Stammtisch\u201d in Berlin with Janine Eisen\u00e4cher and J\u00f6rn J. Burmester and cur\u00e2tes, with J\u00f6rn J. Burmester, the performance art event \u201cBurmester und Feigl zeigen Performancekunst\u201d at Volksb\u00fchne \/ Berlin.<\/p>\n<p>Under the title &#8220;Prologue for 300&#8221;, varying sets of performances and demonstrations are presented. The single performances &#8211; each exactly five minutes long &#8211; will be part of a body of about 300 sequences which will form the 24 hour experimental video film \u201e300\u201c (working title). The performances included in \u201e300\u201c will cover a range of very different types of performances such as artistic, social, sculptural\/iconographic, ethnological and many more.<\/p>\n<p>The artist would like to thank:<strong><br \/>\nBerliner Senat, Bereich Internationaler Kulturaustausch\u00a0<\/strong><\/p>\nngg_shortcode_0_placeholder\n","protected":false},"excerpt":{"rendered":"<p>Feigl has created and realized performance art since 1997. Besides his solo work, Feigl collaborates with various artists and artists&#8217; collectives (Wagner-Feigl-Forschung\/Festspiele, J\u00f6rn J. Burmester). Feigl co-organises the monthly performance art event \u201cPerformer Stammtisch\u201d in Berlin with Janine Eisen\u00e4cher and &hellip; <a href=\"https:\/\/2011.vivamontreal.org\/en\/archives_en\/viva2011\/florian-feigl-deu\/\">Continue reading <span class=\"meta-nav\">&rarr;<\/span><\/a><\/p>\n","protected":false},"author":6,"featured_media":1706,"parent":2909,"menu_order":0,"comment_status":"closed","ping_status":"closed","template":"artists_profile.php","meta":{"ngg_post_thumbnail":0,"footnotes":""},"class_list":["post-1578","page","type-page","status-publish","has-post-thumbnail","hentry"],"_links":{"self":[{"href":"https:\/\/2011.vivamontreal.org\/en\/wp-json\/wp\/v2\/pages\/1578","targetHints":{"allow":["GET"]}}],"collection":[{"href":"https:\/\/2011.vivamontreal.org\/en\/wp-json\/wp\/v2\/pages"}],"about":[{"href":"https:\/\/2011.vivamontreal.org\/en\/wp-json\/wp\/v2\/types\/page"}],"author":[{"embeddable":true,"href":"https:\/\/2011.vivamontreal.org\/en\/wp-json\/wp\/v2\/users\/6"}],"replies":[{"embeddable":true,"href":"https:\/\/2011.vivamontreal.org\/en\/wp-json\/wp\/v2\/comments?post=1578"}],"version-history":[{"count":0,"href":"https:\/\/2011.vivamontreal.org\/en\/wp-json\/wp\/v2\/pages\/1578\/revisions"}],"up":[{"embeddable":true,"href":"https:\/\/2011.vivamontreal.org\/en\/wp-json\/wp\/v2\/pages\/2909"}],"wp:featuredmedia":[{"embeddable":true,"href":"https:\/\/2011.vivamontreal.org\/en\/wp-json\/wp\/v2\/media\/1706"}],"wp:attachment":[{"href":"https:\/\/2011.vivamontreal.org\/en\/wp-json\/wp\/v2\/media?parent=1578"}],"curies":[{"name":"wp","href":"https:\/\/api.w.org\/{rel}","templated":true}]}}