{"id":1570,"date":"2011-08-22T21:39:51","date_gmt":"2011-08-23T01:39:51","guid":{"rendered":"http:\/\/jf.local\/vivamontreal\/?page_id=1570"},"modified":"2012-01-01T20:35:16","modified_gmt":"2012-01-02T01:35:16","slug":"marie-suzanne-desilets-qc","status":"publish","type":"page","link":"https:\/\/2011.vivamontreal.org\/en\/archives_en\/viva2011\/marie-suzanne-desilets-qc\/","title":{"rendered":"Marie-Suzanne D\u00e9silets (QC)"},"content":{"rendered":"<p>Marie-Suzanne D\u00e9silets realises projects that inscribe themselves in the everyday. For a number of years, she has focused her studies on notions of truth, fantasy and fiction. She has presented a number of projects in Quebec, in Canada and internationally including Charbon et Turbo, an installation that was presented at galerie B-312 (Montreal, 2007) and Site Gallery (Windor, 2010) among others. She holds an MFA in visual art and new media from Universit\u00e9 du Qu\u00e9bec \u00e0 Montr\u00e9al and teaches at l\u2019\u00c9cole de design industriel de l\u2019Universit\u00e9 de Montr\u00e9al, as well as at Coll\u00e8ge de Bois-de-Boulogne.<\/p>\n<p><strong>Presented by <a href=\"http:\/\/www.dare-dare.org\/\">DARE-DARE<\/a><\/strong><br \/>\n<strong>Curated by Manon Tourigny\u00a0<\/strong><\/p>\nngg_shortcode_0_placeholder\n","protected":false},"excerpt":{"rendered":"<p>Marie-Suzanne D\u00e9silets realises projects that inscribe themselves in the everyday. For a number of years, she has focused her studies on notions of truth, fantasy and fiction. She has presented a number of projects in Quebec, in Canada and internationally &hellip; <a href=\"https:\/\/2011.vivamontreal.org\/en\/archives_en\/viva2011\/marie-suzanne-desilets-qc\/\">Continue reading <span class=\"meta-nav\">&rarr;<\/span><\/a><\/p>\n","protected":false},"author":6,"featured_media":1698,"parent":2909,"menu_order":0,"comment_status":"closed","ping_status":"closed","template":"artists_profile.php","meta":{"ngg_post_thumbnail":0,"footnotes":""},"class_list":["post-1570","page","type-page","status-publish","has-post-thumbnail","hentry"],"_links":{"self":[{"href":"https:\/\/2011.vivamontreal.org\/en\/wp-json\/wp\/v2\/pages\/1570","targetHints":{"allow":["GET"]}}],"collection":[{"href":"https:\/\/2011.vivamontreal.org\/en\/wp-json\/wp\/v2\/pages"}],"about":[{"href":"https:\/\/2011.vivamontreal.org\/en\/wp-json\/wp\/v2\/types\/page"}],"author":[{"embeddable":true,"href":"https:\/\/2011.vivamontreal.org\/en\/wp-json\/wp\/v2\/users\/6"}],"replies":[{"embeddable":true,"href":"https:\/\/2011.vivamontreal.org\/en\/wp-json\/wp\/v2\/comments?post=1570"}],"version-history":[{"count":0,"href":"https:\/\/2011.vivamontreal.org\/en\/wp-json\/wp\/v2\/pages\/1570\/revisions"}],"up":[{"embeddable":true,"href":"https:\/\/2011.vivamontreal.org\/en\/wp-json\/wp\/v2\/pages\/2909"}],"wp:featuredmedia":[{"embeddable":true,"href":"https:\/\/2011.vivamontreal.org\/en\/wp-json\/wp\/v2\/media\/1698"}],"wp:attachment":[{"href":"https:\/\/2011.vivamontreal.org\/en\/wp-json\/wp\/v2\/media?parent=1570"}],"curies":[{"name":"wp","href":"https:\/\/api.w.org\/{rel}","templated":true}]}}