{"id":1550,"date":"2011-08-22T21:35:41","date_gmt":"2011-08-23T01:35:41","guid":{"rendered":"http:\/\/jf.local\/vivamontreal\/?page_id=1550"},"modified":"2012-01-01T20:31:44","modified_gmt":"2012-01-02T01:31:44","slug":"marie-claude-bouthillier-qc","status":"publish","type":"page","link":"https:\/\/2011.vivamontreal.org\/en\/archives_en\/viva2011\/marie-claude-bouthillier-qc\/","title":{"rendered":"Marie-Claude Bouthillier (QC)"},"content":{"rendered":"<p>Since the end of the 80\u2019s, Marie-Claude Bouthillier\u2019s work has regularly been seen in solo and group exhibitions in both Quebec and abroad. Her pieces have been selected to be part of collective projects in institutions such as the Mus\u00e9e d\u2019art contemporain de Montr\u00e9al and the Mus\u00e9e national des beaux-arts du Qu\u00e9bec. The playful linguistic and formal connections between text and textile that she explores in her painting can be read between the lines of her pictorial research since its beginnings. She is interested in the representation of the artist in literature, a subject that has become the focus of many projects including <em>Cr\u00e9atures<\/em> at La Chambre Blanche in Qu\u00e9bec in 2004 and <em>R\u00e9ponse \u00e0 Zola<\/em>, in 2006, in which she took on the role of the curator. She presented <em>Apparitions<\/em>, a solo exhibition, at Centre d\u2019art et de diffusion Clark in 2008. In 2010, her project \u00ab<em>Le Tarot de Montr\u00e9al<\/em>\u00bb, exhibited at la Maison de la Culture du Plateau Mont-Royal, included inviting 22 artists to create work framed by the famous deck of cards. That same year, <em>Dans le ventre de la baleine,<\/em> was presented at Optica and her work was exhibited as part of <em>Femmes artistes. L\u2019\u00e9clatement des fronti\u00e8res, 1965-2000 \/ \u0152uvres de la<\/em> <em>collection du Mus\u00e9e national des beaux-arts du Qu\u00e9bec<\/em>. In 2011, she will present <em>La bonne Aventure<\/em> at la Centrale\/Power house, an exhibition during which she will launch her deck of tarot cards titled <em>Vie d\u2019Artiste<\/em>. Her work will also be shown at Galerie de l\u2019UQAM in 2012 in the exhibition <em>Loin des yeux pr\u00e8s du corps<\/em>, curated by Th\u00e9r\u00e8se St-Gelais.\u00a0 She holds a Masters degree from Universit\u00e9 du Qu\u00e9bec \u00e0 Montr\u00e9al. Marie-Claude Bouthillier lives and works in Montreal<\/p>\n<p>The artist would like to thank:<strong><br \/>\nAtelier Clark <\/strong>and <strong>Conseil des arts du Canada.<\/strong><\/p>\n<p><strong>For VIVA!, Marie-Claude Bouthillier <\/strong><strong>invites the public into her\u00a0pictorial environment\u00a0<em>La bonne aventure, <\/em>to\u00a0perform an interactive ritual\u00a0similar to\u00a0the reading of\u00a0tarot.\u00a0For more information or to make an appointement: <\/strong><a href=\"http:\/\/www.lacentrale.org\/\">http:\/\/www.lacentrale.org\/<\/a><strong><\/strong><\/p>\n<p><strong>Presented by <a href=\"http:\/\/www.lacentrale.org\/\">La Centrale<\/a>\u00a0<\/strong><\/p>\nngg_shortcode_0_placeholder\n","protected":false},"excerpt":{"rendered":"<p>Since the end of the 80\u2019s, Marie-Claude Bouthillier\u2019s work has regularly been seen in solo and group exhibitions in both Quebec and abroad. Her pieces have been selected to be part of collective projects in institutions such as the Mus\u00e9e &hellip; <a href=\"https:\/\/2011.vivamontreal.org\/en\/archives_en\/viva2011\/marie-claude-bouthillier-qc\/\">Continue reading <span class=\"meta-nav\">&rarr;<\/span><\/a><\/p>\n","protected":false},"author":6,"featured_media":1658,"parent":2909,"menu_order":0,"comment_status":"closed","ping_status":"closed","template":"artists_profile.php","meta":{"ngg_post_thumbnail":0,"footnotes":""},"class_list":["post-1550","page","type-page","status-publish","has-post-thumbnail","hentry"],"_links":{"self":[{"href":"https:\/\/2011.vivamontreal.org\/en\/wp-json\/wp\/v2\/pages\/1550","targetHints":{"allow":["GET"]}}],"collection":[{"href":"https:\/\/2011.vivamontreal.org\/en\/wp-json\/wp\/v2\/pages"}],"about":[{"href":"https:\/\/2011.vivamontreal.org\/en\/wp-json\/wp\/v2\/types\/page"}],"author":[{"embeddable":true,"href":"https:\/\/2011.vivamontreal.org\/en\/wp-json\/wp\/v2\/users\/6"}],"replies":[{"embeddable":true,"href":"https:\/\/2011.vivamontreal.org\/en\/wp-json\/wp\/v2\/comments?post=1550"}],"version-history":[{"count":0,"href":"https:\/\/2011.vivamontreal.org\/en\/wp-json\/wp\/v2\/pages\/1550\/revisions"}],"up":[{"embeddable":true,"href":"https:\/\/2011.vivamontreal.org\/en\/wp-json\/wp\/v2\/pages\/2909"}],"wp:featuredmedia":[{"embeddable":true,"href":"https:\/\/2011.vivamontreal.org\/en\/wp-json\/wp\/v2\/media\/1658"}],"wp:attachment":[{"href":"https:\/\/2011.vivamontreal.org\/en\/wp-json\/wp\/v2\/media?parent=1550"}],"curies":[{"name":"wp","href":"https:\/\/api.w.org\/{rel}","templated":true}]}}