{"id":1524,"date":"2011-08-17T22:58:41","date_gmt":"2011-08-18T02:58:41","guid":{"rendered":"http:\/\/jf.local\/vivamontreal\/?page_id=1524"},"modified":"2022-05-18T17:45:14","modified_gmt":"2022-05-18T17:45:14","slug":"projects","status":"publish","type":"page","link":"https:\/\/2011.vivamontreal.org\/en\/archives_en\/viva2011\/projects\/","title":{"rendered":"Projects"},"content":{"rendered":"<h2>Performer Stammtisch Discussions<\/h2>\n<h3>Everyday at noon<\/h3>\n<p>Four members of Performance Stammtisch, a Berlin-based artist-run organisation with a long-standing practice of hosting rigorous yet informal discussions, have been invited to give a more important role to the exchange between artists and public in the programming. In addition to sharing their individual artistic practices with the Montreal community on VIVA!\u2019s opening night, the collective\u2019s representatives (J\u00f6rn Burmester, Janine Eisen\u00e4cher, Florian Feigl and Joy Harder) will also host a series of signature lunchtime discussions. Resulting dialogues between participating artists and the public will reflect upon a wide range of opinions and impressions about the presented works, and the context in which they are created and disseminated. These public talks are sure to inspire a greater interest in, and a better understanding of, both established and emerging performative practices.<\/p>\nngg_shortcode_0_placeholder\n<h2>VIVA! Suppers<\/h2>\n<h3>October 4, 5, 7, 8 and 9 at 6:30pm ($8)<\/h3>\n<p>Join us daily for a warm dinner and informal conversations before each and every evening of performances. As in past editions, all meals are made by SP 38, an artist whose commitment to feeding the VIVA! community is a direct extension of his performance work. Healthy, affordable and delicious, these meals are a well-loved staple of the festival.<\/p>\nngg_shortcode_1_placeholder\n<h2>Tableau noir<\/h2>\n<h3>Everyday from 6:30pm to midnight<\/h3>\n<p>\u201cTableau noir\u201d (<em>Blackboard<\/em>) is a programming initiative aimed at encouraging spontaneous performances both inside and outside of the Bain St-Michel for the duration of the festival. For those who wish to present an unofficial performative work, simply sign up on the public black board. Individuals and collectives taking part in this programming channel are expected to be fully autonomous- including any clean up- and to work in a manner that is respectful towards the other artists, the festival workers, and the public. In attempt to create an inclusive and safe space, any performances not in line with this code of conduct will be interrupted.<\/p>\nngg_shortcode_2_placeholder\n<h2>VIVA! Blog<\/h2>\n<h3>Everyday<\/h3>\n<p>As in past editions, VIVA!\u2019s activities will be documented through daily entries on the VIVA! blog, easily found on the homepage of the website. This year, the task has been entrusted the TouVA Collective (Sylvie Tourangeau, Victoria Stanton and Anne B\u00e9rub\u00e9), a group of artist-researchers interested in a profound exploration of &#8220;the performative&#8221; through workshops, dynamic artist talks and coaching to artists in a variety of contexts, including international festivals. Be sure to follow these daily reflections, a series of posts that will range from descriptive to poetic, and to contribute to the online discussions with your own feedback.<\/p>\n<p><a href=\"http:\/\/vivamontreal.org\/category\/blogue2011\/\">Read the blog\u00a0<\/a><\/p>\nngg_shortcode_3_placeholder\n<h2>VIVA! Party<\/h2>\n<h3>October 6 at 8pm ($5)<\/h3>\n<p>Help VIVA! Art Action fund its activities and celebrate the half way mark of the festival with a memorable night of action, music and dancing, including a hypnotizing performance by the experimental band Yamantaka\/ Sonic Titan. A pool full of artists and partiers is sure to also contain some surprises!<\/p>\nngg_shortcode_4_placeholder\n<h2>Emerging Critics in Art Action Contest<\/h2>\n<p>Presented by VIVA! and\u00a0<em><a href=\"http:\/\/www.inter-lelieu.org\/FR\/inter_publie.php\">Inter, art actuel<\/a>,\u00a0<\/em>the Emerging Critics Contest aims at encouraging the textual analysis of performative practices by offering a professional platform to young critics (aged 35 years and under). Emerging writers are invited to submit an analytic account of one or more performances presented as part of the third edition of VIVA! Art Action. The winning author will be remunerated and will receive professional support prior the publication of their text in the next edition of\u00a0<em>Inter, art actuel<\/em>\u00a0(January 2012), as well as on VIVA!\u2019s website.<\/p>\n<p><a href=\"http:\/\/2011.vivamontreal.org\/wp-content\/uploads\/2012\/01\/110-concoursJeuneCritique.pdf\">Read the winning text (in french)<\/a><br \/>\n<a href=\"http:\/\/2011.vivamontreal.org\/wp-content\/uploads\/2012\/02\/110-concoursJeuneCritique-Traduction.pdf\"> English translation<\/a>\u00a0(by Bernard\u00a0Schutze)<\/p>\n<h2>A Look back at VIVA! 2011<\/h2>\n<p>The following magazines contain reviews of performances presented at VIVA! Art Action 2011.<\/p>\n<p><strong><a href=\"http:\/\/www.inter-lelieu.org\/FR\/inter_publie.php\">Inter 110 \u2014 printemps 2012<\/a><\/strong><br \/>\n<strong>LANGAGE PLASTIQUE<\/strong><br \/>\n<em>Emerging Critics in Art Action Contest<\/em><br \/>\n<em>Alice de Visscher\u00a0: fragments de la m\u00e9lancolie dans la performance<\/em><br \/>\nAuthor: Guilhem Molinier<br \/>\nPerformer :<a href=\"http:\/\/vivamontreal.org\/en\/archives_en\/viva2011\/alice-de-visscher-bel\/\">\u00a0Alice de Visscher<\/a><\/p>\n<p><a href=\"http:\/\/www.etcmontreal.com\/\">ETC \u00a0#95<\/a><br \/>\nREPR\u00c9SAILLES<br \/>\n<em>D&#8217;o\u00f9 performons-nous \u00a0? \u00a0<\/em><br \/>\nAuthor: Sylvie Tourangeau<br \/>\nPerformers:\u00a0<a href=\"http:\/\/vivamontreal.org\/en\/archives_en\/viva2011\/shannon-cochrane-on\/\">Shannon Cochrane<\/a>, \u00a0<a href=\"http:\/\/vivamontreal.org\/en\/archives_en\/viva2011\/alice-de-visscher-bel\/\">Alice de Visscher<\/a>,\u00a0<a href=\"http:\/\/vivamontreal.org\/en\/archives_en\/viva2011\/rachel-echenberg-qc\/\">Rachel Echenberg<\/a>,\u00a0<a href=\"http:\/\/vivamontreal.org\/en\/archives_en\/viva2011\/martine-viale-qc\/\">Martine Viale<\/a><\/p>\n<p><em>Nudit\u00e9 banalis\u00e9e: un f\u00e9minisme de l&#8217;objectivation<\/em><br \/>\nAuthors : Sara Savignac and Gina Cortopassi<br \/>\nPerformers :\u00a0<a href=\"http:\/\/vivamontreal.org\/archives\/viva2011\/alice-de-visscher-bel\/\">\u00a0Alice de Visscher<\/a><\/p>\n","protected":false},"excerpt":{"rendered":"<p>Performer Stammtisch Discussions Everyday at noon Four members of Performance Stammtisch, a Berlin-based artist-run organisation with a long-standing practice of hosting rigorous yet informal discussions, have been invited to give a more important role to the exchange between artists and &hellip; <a href=\"https:\/\/2011.vivamontreal.org\/en\/archives_en\/viva2011\/projects\/\">Continue reading <span class=\"meta-nav\">&rarr;<\/span><\/a><\/p>\n","protected":false},"author":6,"featured_media":0,"parent":2909,"menu_order":0,"comment_status":"closed","ping_status":"closed","template":"","meta":{"ngg_post_thumbnail":0,"footnotes":""},"class_list":["post-1524","page","type-page","status-publish","hentry"],"_links":{"self":[{"href":"https:\/\/2011.vivamontreal.org\/en\/wp-json\/wp\/v2\/pages\/1524","targetHints":{"allow":["GET"]}}],"collection":[{"href":"https:\/\/2011.vivamontreal.org\/en\/wp-json\/wp\/v2\/pages"}],"about":[{"href":"https:\/\/2011.vivamontreal.org\/en\/wp-json\/wp\/v2\/types\/page"}],"author":[{"embeddable":true,"href":"https:\/\/2011.vivamontreal.org\/en\/wp-json\/wp\/v2\/users\/6"}],"replies":[{"embeddable":true,"href":"https:\/\/2011.vivamontreal.org\/en\/wp-json\/wp\/v2\/comments?post=1524"}],"version-history":[{"count":0,"href":"https:\/\/2011.vivamontreal.org\/en\/wp-json\/wp\/v2\/pages\/1524\/revisions"}],"up":[{"embeddable":true,"href":"https:\/\/2011.vivamontreal.org\/en\/wp-json\/wp\/v2\/pages\/2909"}],"wp:attachment":[{"href":"https:\/\/2011.vivamontreal.org\/en\/wp-json\/wp\/v2\/media?parent=1524"}],"curies":[{"name":"wp","href":"https:\/\/api.w.org\/{rel}","templated":true}]}}