{"id":150,"date":"2010-09-14T20:12:12","date_gmt":"2010-09-15T00:12:12","guid":{"rendered":"http:\/\/vivamontreal.org\/"},"modified":"2010-10-14T12:19:15","modified_gmt":"2010-10-14T16:19:15","slug":"belinda-campbell","status":"publish","type":"page","link":"https:\/\/2011.vivamontreal.org\/en\/archives_en\/2006_en\/belinda-campbell\/","title":{"rendered":"Belinda Campbell"},"content":{"rendered":"<p>(Montr\u00e9al, Canada)<\/p>\nngg_shortcode_0_placeholder\n<p>Belinda Campbell termine une ma\u00eetrise en arts visuels et m\u00e9diatiques de l&#8221;UQ\u00c1M. Elle a pr\u00e9sent\u00e9 plusieurs fois son travail lors d&#8217;expositions solo, notamment \u00e0Gatineau, \u00e0 Qu\u00e9bec et \u00e0 Montr\u00e9l. Elle s&#8217;int\u00e9resse \u00e0 la vid\u00e9o et \u00e0 la performance dans son rapport \u00e9troit event le th\u00e9\u00e2tre, privil\u00e9giant des mises en sc\u00e8nes chor\u00e9graphi\u00e9es ludiques et ironiques.<\/p>\n","protected":false},"excerpt":{"rendered":"<p>(Montr\u00e9al, Canada) Belinda Campbell termine une ma\u00eetrise en arts visuels et m\u00e9diatiques de l&#8221;UQ\u00c1M. Elle a pr\u00e9sent\u00e9 plusieurs fois son travail lors d&#8217;expositions solo, notamment \u00e0Gatineau, \u00e0 Qu\u00e9bec et \u00e0 Montr\u00e9l. Elle s&#8217;int\u00e9resse \u00e0 la vid\u00e9o et \u00e0 la performance &hellip; <a href=\"https:\/\/2011.vivamontreal.org\/en\/archives_en\/2006_en\/belinda-campbell\/\">Continue reading <span class=\"meta-nav\">&rarr;<\/span><\/a><\/p>\n","protected":false},"author":6,"featured_media":0,"parent":75,"menu_order":0,"comment_status":"closed","ping_status":"open","template":"archivespages.php","meta":{"ngg_post_thumbnail":0,"footnotes":""},"class_list":["post-150","page","type-page","status-publish","hentry"],"_links":{"self":[{"href":"https:\/\/2011.vivamontreal.org\/en\/wp-json\/wp\/v2\/pages\/150","targetHints":{"allow":["GET"]}}],"collection":[{"href":"https:\/\/2011.vivamontreal.org\/en\/wp-json\/wp\/v2\/pages"}],"about":[{"href":"https:\/\/2011.vivamontreal.org\/en\/wp-json\/wp\/v2\/types\/page"}],"author":[{"embeddable":true,"href":"https:\/\/2011.vivamontreal.org\/en\/wp-json\/wp\/v2\/users\/6"}],"replies":[{"embeddable":true,"href":"https:\/\/2011.vivamontreal.org\/en\/wp-json\/wp\/v2\/comments?post=150"}],"version-history":[{"count":0,"href":"https:\/\/2011.vivamontreal.org\/en\/wp-json\/wp\/v2\/pages\/150\/revisions"}],"up":[{"embeddable":true,"href":"https:\/\/2011.vivamontreal.org\/en\/wp-json\/wp\/v2\/pages\/75"}],"wp:attachment":[{"href":"https:\/\/2011.vivamontreal.org\/en\/wp-json\/wp\/v2\/media?parent=150"}],"curies":[{"name":"wp","href":"https:\/\/api.w.org\/{rel}","templated":true}]}}