{"id":146,"date":"2010-09-14T20:10:31","date_gmt":"2010-09-15T00:10:31","guid":{"rendered":"http:\/\/vivamontreal.org\/"},"modified":"2010-10-14T12:17:53","modified_gmt":"2010-10-14T16:17:53","slug":"annie-brunette","status":"publish","type":"page","link":"https:\/\/2011.vivamontreal.org\/en\/archives_en\/2006_en\/annie-brunette\/","title":{"rendered":"Annie Brunette"},"content":{"rendered":"<p>(Montr\u00e9al, Canada)<\/p>\nngg_shortcode_0_placeholder\n<p>Annie Brunette son tourn\u00e9s vers l&#8217;exploration du langage universel. Elle tente de rapprocher l&#8217;humain \u00e0 la mati\u00e8re pour cr\u00e9er un \u00e9quilibre entre les deux. Son contact avec la mati\u00e8re est dirig\u00e9 par un cheminement de r\u00e9gression temporelle. Elle a pr\u00e9sent\u00e9 son travail en performance et en vid\u00e9o lors de nombreuses expositions et \u00e9v\u00e9nements, tel Urbaine Urbanit\u00e9 III, au centre Le Lieu et au Centro de Arte Moderno de Madrid.<\/p>\n","protected":false},"excerpt":{"rendered":"<p>(Montr\u00e9al, Canada) Annie Brunette son tourn\u00e9s vers l&#8217;exploration du langage universel. Elle tente de rapprocher l&#8217;humain \u00e0 la mati\u00e8re pour cr\u00e9er un \u00e9quilibre entre les deux. Son contact avec la mati\u00e8re est dirig\u00e9 par un cheminement de r\u00e9gression temporelle. Elle &hellip; <a href=\"https:\/\/2011.vivamontreal.org\/en\/archives_en\/2006_en\/annie-brunette\/\">Continue reading <span class=\"meta-nav\">&rarr;<\/span><\/a><\/p>\n","protected":false},"author":6,"featured_media":0,"parent":75,"menu_order":0,"comment_status":"closed","ping_status":"open","template":"archivespages.php","meta":{"ngg_post_thumbnail":0,"footnotes":""},"class_list":["post-146","page","type-page","status-publish","hentry"],"_links":{"self":[{"href":"https:\/\/2011.vivamontreal.org\/en\/wp-json\/wp\/v2\/pages\/146","targetHints":{"allow":["GET"]}}],"collection":[{"href":"https:\/\/2011.vivamontreal.org\/en\/wp-json\/wp\/v2\/pages"}],"about":[{"href":"https:\/\/2011.vivamontreal.org\/en\/wp-json\/wp\/v2\/types\/page"}],"author":[{"embeddable":true,"href":"https:\/\/2011.vivamontreal.org\/en\/wp-json\/wp\/v2\/users\/6"}],"replies":[{"embeddable":true,"href":"https:\/\/2011.vivamontreal.org\/en\/wp-json\/wp\/v2\/comments?post=146"}],"version-history":[{"count":0,"href":"https:\/\/2011.vivamontreal.org\/en\/wp-json\/wp\/v2\/pages\/146\/revisions"}],"up":[{"embeddable":true,"href":"https:\/\/2011.vivamontreal.org\/en\/wp-json\/wp\/v2\/pages\/75"}],"wp:attachment":[{"href":"https:\/\/2011.vivamontreal.org\/en\/wp-json\/wp\/v2\/media?parent=146"}],"curies":[{"name":"wp","href":"https:\/\/api.w.org\/{rel}","templated":true}]}}