{"id":140,"date":"2010-09-14T20:06:45","date_gmt":"2010-09-15T00:06:45","guid":{"rendered":"http:\/\/vivamontreal.org\/"},"modified":"2010-10-14T12:17:12","modified_gmt":"2010-10-14T16:17:12","slug":"amelie-brisson-darveau","status":"publish","type":"page","link":"https:\/\/2011.vivamontreal.org\/en\/archives_en\/2006_en\/amelie-brisson-darveau\/","title":{"rendered":"Am\u00e9lie Brisson-Darveau"},"content":{"rendered":"<p>(Montr\u00e9al, Canada)<\/p>\nngg_shortcode_0_placeholder\n<p>Am\u00e9lie Brisson-Darveau questionnne le rappor entre le corps et  son environnement. C&#8217;est par l&#8217;action de rev\u00eatir l&#8217;espace qu&#8217;elle aborde  la mani\u00e8re dont l&#8217;humain marque une pr\u00e9sence dans sa communaut\u00e9.  R\u00e9cipiendaire du Prix du Centre des arts et des fibres du Qu\u00e9bec, elle  d\u00e9tient un baccalaur\u00e9t en arts visuels et m\u00e9diatiques de l&#8217;UQ\u00c0M et un  second en travail social de l&#8221;Universit\u00e9 de Montr\u00e9l. Elle a particip\u00e9 \u00e0  plusieurs expositions collectives et \u00e9v\u00e9nements en plus de avoir r\u00e9ali\u00e9  trois stages de coop\u00e9ration internationale.<\/p>\n","protected":false},"excerpt":{"rendered":"<p>(Montr\u00e9al, Canada) Am\u00e9lie Brisson-Darveau questionnne le rappor entre le corps et son environnement. C&#8217;est par l&#8217;action de rev\u00eatir l&#8217;espace qu&#8217;elle aborde la mani\u00e8re dont l&#8217;humain marque une pr\u00e9sence dans sa communaut\u00e9. R\u00e9cipiendaire du Prix du Centre des arts et des &hellip; <a href=\"https:\/\/2011.vivamontreal.org\/en\/archives_en\/2006_en\/amelie-brisson-darveau\/\">Continue reading <span class=\"meta-nav\">&rarr;<\/span><\/a><\/p>\n","protected":false},"author":6,"featured_media":0,"parent":75,"menu_order":0,"comment_status":"closed","ping_status":"open","template":"archivespages.php","meta":{"ngg_post_thumbnail":0,"footnotes":""},"class_list":["post-140","page","type-page","status-publish","hentry"],"_links":{"self":[{"href":"https:\/\/2011.vivamontreal.org\/en\/wp-json\/wp\/v2\/pages\/140","targetHints":{"allow":["GET"]}}],"collection":[{"href":"https:\/\/2011.vivamontreal.org\/en\/wp-json\/wp\/v2\/pages"}],"about":[{"href":"https:\/\/2011.vivamontreal.org\/en\/wp-json\/wp\/v2\/types\/page"}],"author":[{"embeddable":true,"href":"https:\/\/2011.vivamontreal.org\/en\/wp-json\/wp\/v2\/users\/6"}],"replies":[{"embeddable":true,"href":"https:\/\/2011.vivamontreal.org\/en\/wp-json\/wp\/v2\/comments?post=140"}],"version-history":[{"count":0,"href":"https:\/\/2011.vivamontreal.org\/en\/wp-json\/wp\/v2\/pages\/140\/revisions"}],"up":[{"embeddable":true,"href":"https:\/\/2011.vivamontreal.org\/en\/wp-json\/wp\/v2\/pages\/75"}],"wp:attachment":[{"href":"https:\/\/2011.vivamontreal.org\/en\/wp-json\/wp\/v2\/media?parent=140"}],"curies":[{"name":"wp","href":"https:\/\/api.w.org\/{rel}","templated":true}]}}