{"id":135,"date":"2010-09-14T20:04:02","date_gmt":"2010-09-15T00:04:02","guid":{"rendered":"http:\/\/vivamontreal.org\/"},"modified":"2010-09-14T20:04:02","modified_gmt":"2010-09-15T00:04:02","slug":"sylvain-breton","status":"publish","type":"page","link":"https:\/\/2011.vivamontreal.org\/en\/archives_en\/2006_en\/sylvain-breton\/","title":{"rendered":"Sylvain Breton"},"content":{"rendered":"<p>(Montr\u00e9al, Qu\u00e9bec)<\/p>\n<p><img loading=\"lazy\" decoding=\"async\" class=\"alignnone\" src=\"http:\/\/vivamontreal.org\/2006\/pages\/artists\/sylvain_breton\/sylvain%20breton.jpg\" alt=\"\" width=\"300\" height=\"400\" \/><\/p>\n<p>Peintre, sculpteur, photographe et  artiste de performance, Sylvain  Breton aime amalgamer les disciplines  artistiques pour cr\u00e9er des \u0153uvres  se rapprochant du concept \u00abd\u2019\u0153uvre d\u2019art  totale\u00bb. Sylvain Breton a  prolong\u00e9 sa carri\u00e8re principalement en Europe et en  Asie depuis 2003.  Ses derni\u00e8res r\u00e9alisations ont recours \u00e0 l\u2019anonymat,  substitution de  l\u2019identit\u00e9 de l\u2019artiste pour une autre tel un livreur de pizza\u2026   L\u2019artiste collabore avec certains collectifs tel que Lance McLean  d\u2019Edmonton et  le groupe estonien Non Grata sous le pseudonyme de  Brownhair.<\/p>\n","protected":false},"excerpt":{"rendered":"<p>(Montr\u00e9al, Qu\u00e9bec) Peintre, sculpteur, photographe et artiste de performance, Sylvain Breton aime amalgamer les disciplines artistiques pour cr\u00e9er des \u0153uvres se rapprochant du concept \u00abd\u2019\u0153uvre d\u2019art totale\u00bb. Sylvain Breton a prolong\u00e9 sa carri\u00e8re principalement en Europe et en Asie depuis &hellip; <a href=\"https:\/\/2011.vivamontreal.org\/en\/archives_en\/2006_en\/sylvain-breton\/\">Continue reading <span class=\"meta-nav\">&rarr;<\/span><\/a><\/p>\n","protected":false},"author":6,"featured_media":0,"parent":75,"menu_order":0,"comment_status":"closed","ping_status":"open","template":"archivespages.php","meta":{"ngg_post_thumbnail":0,"footnotes":""},"class_list":["post-135","page","type-page","status-publish","hentry"],"_links":{"self":[{"href":"https:\/\/2011.vivamontreal.org\/en\/wp-json\/wp\/v2\/pages\/135","targetHints":{"allow":["GET"]}}],"collection":[{"href":"https:\/\/2011.vivamontreal.org\/en\/wp-json\/wp\/v2\/pages"}],"about":[{"href":"https:\/\/2011.vivamontreal.org\/en\/wp-json\/wp\/v2\/types\/page"}],"author":[{"embeddable":true,"href":"https:\/\/2011.vivamontreal.org\/en\/wp-json\/wp\/v2\/users\/6"}],"replies":[{"embeddable":true,"href":"https:\/\/2011.vivamontreal.org\/en\/wp-json\/wp\/v2\/comments?post=135"}],"version-history":[{"count":0,"href":"https:\/\/2011.vivamontreal.org\/en\/wp-json\/wp\/v2\/pages\/135\/revisions"}],"up":[{"embeddable":true,"href":"https:\/\/2011.vivamontreal.org\/en\/wp-json\/wp\/v2\/pages\/75"}],"wp:attachment":[{"href":"https:\/\/2011.vivamontreal.org\/en\/wp-json\/wp\/v2\/media?parent=135"}],"curies":[{"name":"wp","href":"https:\/\/api.w.org\/{rel}","templated":true}]}}