{"id":1105,"date":"2010-10-01T21:10:11","date_gmt":"2010-10-02T01:10:11","guid":{"rendered":"http:\/\/vivamontreal.org\/"},"modified":"2010-10-13T18:01:52","modified_gmt":"2010-10-13T22:01:52","slug":"artist-run-centres","status":"publish","type":"page","link":"https:\/\/2011.vivamontreal.org\/en\/archives_en\/viva2009e\/artist-run-centres\/","title":{"rendered":"Artist-run Centres"},"content":{"rendered":"<p><strong>articule<\/strong><br \/>\narticule presents an evening of performances at Bain  St-Michel, which highlight the work of artists from different  generations. The selected artists all use simple and concise movements  in order to define the complexity of intimacy, touching on its physical  and mental frontiers in different ways.<\/p>\n<p>Monika Guenther &amp; Ruedi Schill (CHE), Paul Couillard &amp; Ed Johnson (CAN), Christian Messier (QUE)<\/p>\n<p>In the gallery space, live drawing with Matt Shane &amp; Jim Holyoak (QUE)<\/p>\n<p><a href=\"..\/..\/viva\/?externalsite=yes&amp;page_url=http:\/\/www.articule.org\/\">www.articule.org<\/a><\/p>\n<hr size=\"1\" \/>\n<strong>La Centrale Galerie Powerhouse<\/strong><\/p>\n<p>In order to explore the boundaries between  performance and entertainment, the invited artists borrow elements from  the party scene, popular gatherings, ritualistic celebrations, and disco  culture as well as theatrical mise-en-scene. Using costumes, props,  visuals and sound effects, the artists explore different types of  altered states while scrutinizing the social realities that surround  them.<\/p>\n<p>Gwendoline Robin (BEL), Lilibeth Cuenca Rasmussen (DEN), Dayna McLeod  &amp; Alexis O\u2019Hara (QUE), Flutura &amp; Besnik Haxhillari (ALB\/QUE)<\/p>\n<p>In the gallery space, La Centrale is pleased to present an installation  and a ritualistic petrochemical performance by Dominique P\u00e9trin (QUE).<\/p>\n<p><a href=\"..\/..\/viva\/?externalsite=yes&amp;page_url=http:\/\/www.lacentrale.org\">www.lacentrale.org<\/a><\/p>\n<hr size=\"1\" \/>\n<strong>Clark: VIVA GLUTTURA!<\/strong><\/p>\n<p>For the 2009 edition of VIVA!, CLARK wants to  reflect on voice. The selected artists use their speaking, singing and  screaming organs loudly or softly. Whether soothing, melodious or  declamatory, the sounds of the human voice possess both a primitive and  sophisticated quality.<\/p>\n<p>Curator : Mathieu Beaus\u00e9jour<\/p>\n<p>Juliana Snapper (USA), Jochen Gerz (DEU), Daniel Menche (USA) &amp; Joe Preston (USA)<\/p>\n<p>Dans le cadre de l&#8217;exposition en galerie <em>Le son \u00e0 des jambes \u2013 3<\/em> CLARK pr\u00e9sente un concert r\u00e9unissant Jean-Pierre Gauthier (QUE) et Minibloc (QUE), artistes et compositeurs actuels.<br \/>\nCommissaire : \u00c9ric Mattson<\/p>\n<p><a href=\"..\/..\/viva\/?externalsite=yes&amp;page_url=http:\/\/www.clarkplaza.org\/\">www.clarkplaza.org<\/a><\/p>\n<hr size=\"1\" \/>\n<strong>Dare-Dare<\/strong><\/p>\n<p>Montreal\u2019s multidisciplinary art centre Dare Dare  presents a series of performances in public space in order to create a  dialogue with the community that revolves around it. Located in the  Ville-Marie borough, Dare-Dare has chosen to offer a wide array of  performances, which include video, sound and urban interventions.  Furthermore, this programming reflects the centre\u2019s desire to support  artist practices from all generations, thus opening a dialogue between  different visions of performance art, sometimes more playful, sometimes  more political.<\/p>\n<p>Co-Curators: Constanza Camelo &amp; Manon Tourigny<\/p>\n<p>Carl Bouchard &amp; Martin Dufrasne (QUE), Katnira Bello (MEX),  Christian Bujold (QUE), Sophie Castonguay et Anne-Marie Ouellet (QUE),  Adonis Flores (CUB), Marianela Orozco (CUB), Raul Naranjo (COL)<\/p>\n<p><a href=\"..\/..\/viva\/?externalsite=yes&amp;page_url=http:\/\/www.dare-dare.org\/\">www.dare-dare.org<\/a><\/p>\n<hr size=\"1\" \/>\n<strong>Praxis<\/strong><\/p>\n<p>Praxis art actuel gives artists the opportunity to  take over public space in order to make it their own, going beyond the  usual creation\/production\/diffusion process. This program revolves  around real or fictitious places where individuals and performative  events meet, willing to explore imaginary spaces as well as the notion  of public space infiltration.<\/p>\n<p>Rodolphe-Yves Lapointe (QC), Audiotopie (QC), Thierry Marceau (MTL), Fr\u00e9d\u00e9ric Lavoie (MTL)<\/p>\n<p><a href=\"..\/..\/viva\/?externalsite=yes&amp;page_url=http:\/\/www.artactuel.ca\/\">www.artactuel.ca<\/a><\/p>\n<hr size=\"1\" \/>\n<strong>Skol<\/strong><\/p>\n<p>Skol has given carte blanche to four artists who  will pursue their investigations in social and public space throughout  the festival. Each performer will explore the preoccupations pertaining  to their own practice in the public sphere. Skol lets the artists use  the gallery space where they can exhibit their work if they wish to do  so.<\/p>\n<p>Curator: Karen Elaine Spencer<\/p>\n<p>Joshua Schwebel (CAN), Jennifer B\u00e9langer (Acadie), Irene Izquierdo (ESP), Birte Endrejat (DEU)<\/p>\n<p><a href=\"..\/..\/viva\/?externalsite=yes&amp;page_url=http:\/\/www.skol.ca\/\">www.skol.ca<\/a><\/p>\n<hr size=\"1\" \/>\n<strong>Soir\u00e9es Qu\u00e9Can dans\u2019 pool<\/strong><\/p>\n<p>On top of each centre\u2019s program, VIVA! Art Action is  proud to present three nights of performance and exchange among artists  from Quebec, Ontario, Manitoba and New-Brunswick. During the <strong>Qu\u00e9Can dans\u2019 pool <\/strong>nights,  artists from Quebec and French-speaking Canada take over the Bain  St-Michel. In addition to these events, Qu\u00e9Can is planning for Quebec  artists to tour Canadian artist centres.<\/p>\n<p>Co-curators: Alexis Bellavance et Jean-Pierre Caissie<\/p>\n<p>Guillaume Adjutor Provost (QC), Francis Arguin (QC), Patrice Duchesne  (QC), Dae Hong Kim &amp; Chang Wan Wee Sushis (QC), Maryse Larivi\u00e8re  (QC), Maria Legault (CAN), Mathieu L\u00e9ger (CAN), Mine, mine, mine  (Alexandre St-Onge, Magali Babin, \u00c9ric L\u00e9tourneau) (QC), Natalie Morin  (CAN), No\u00efzefer (Tania St. Pierre &amp; Phillipe Aubert Gauthier) (QC),  Theo Pelmus (CAN), Spirit duplicata (Jo\u00eblle Couturier &amp; Emilie Roby)  (QC), Abzurbs (Ryan Ahoff, Lancelot Coar, Tannis Kohut, Florian  Lassnig, Dominique Rey, Vanessa Rigaux)<\/p>\n<p><a href=\"..\/..\/viva\/?externalsite=yes&amp;page_url=http:\/\/vivamontreal.wordpress.com\/quecan-dans-pool\/\">for more info about qu\u00e9can&#8230;<\/a><\/p>\n","protected":false},"excerpt":{"rendered":"<p>articule articule presents an evening of performances at Bain St-Michel, which highlight the work of artists from different generations. The selected artists all use simple and concise movements in order to define the complexity of intimacy, touching on its physical &hellip; <a href=\"https:\/\/2011.vivamontreal.org\/en\/archives_en\/viva2009e\/artist-run-centres\/\">Continue reading <span class=\"meta-nav\">&rarr;<\/span><\/a><\/p>\n","protected":false},"author":6,"featured_media":0,"parent":34,"menu_order":0,"comment_status":"closed","ping_status":"open","template":"archivespages.php","meta":{"ngg_post_thumbnail":0,"footnotes":""},"class_list":["post-1105","page","type-page","status-publish","hentry"],"_links":{"self":[{"href":"https:\/\/2011.vivamontreal.org\/en\/wp-json\/wp\/v2\/pages\/1105","targetHints":{"allow":["GET"]}}],"collection":[{"href":"https:\/\/2011.vivamontreal.org\/en\/wp-json\/wp\/v2\/pages"}],"about":[{"href":"https:\/\/2011.vivamontreal.org\/en\/wp-json\/wp\/v2\/types\/page"}],"author":[{"embeddable":true,"href":"https:\/\/2011.vivamontreal.org\/en\/wp-json\/wp\/v2\/users\/6"}],"replies":[{"embeddable":true,"href":"https:\/\/2011.vivamontreal.org\/en\/wp-json\/wp\/v2\/comments?post=1105"}],"version-history":[{"count":0,"href":"https:\/\/2011.vivamontreal.org\/en\/wp-json\/wp\/v2\/pages\/1105\/revisions"}],"up":[{"embeddable":true,"href":"https:\/\/2011.vivamontreal.org\/en\/wp-json\/wp\/v2\/pages\/34"}],"wp:attachment":[{"href":"https:\/\/2011.vivamontreal.org\/en\/wp-json\/wp\/v2\/media?parent=1105"}],"curies":[{"name":"wp","href":"https:\/\/api.w.org\/{rel}","templated":true}]}}